{"id":228,"date":"2014-10-06T10:21:24","date_gmt":"2014-10-06T08:21:24","guid":{"rendered":"http:\/\/www.douetsmilletiere.comitesquartier-tours.fr\/?page_id=228"},"modified":"2025-08-05T18:48:40","modified_gmt":"2025-08-05T16:48:40","slug":"detente-et-bien-etre-yoga-2","status":"publish","type":"page","link":"https:\/\/www.douetsmilletiere.comitesquartier-tours.fr\/?page_id=228","title":{"rendered":"Yoga"},"content":{"rendered":"<p>Le yoga est la pratique d&rsquo;un ensemble de postures et d\u2019exercices de respiration qui vise \u00e0 apporter un bien \u00eatre physique et mental.<\/p>\n<p>Les cours auront lieu tous les lundis et mercredis (hors vacances scolaires) :<\/p>\n<ul>\n<li>Yoga les lundis de 18h00 \u00e019h00 et de 19h40 \u00e0 20h40, anim\u00e9s par Isabelle PAUVRE<\/li>\n<li>Yoga les mercredis de 9h30 \u00e0 10h30, anim\u00e9s par Catherine VAYSSIERE<\/li>\n<\/ul>\n<p>dans notre local associatif au 11, rue de Turpenay<\/p>\n\n\n<div class=\"wp-block-group\"><div class=\"wp-block-group__inner-container is-layout-constrained wp-block-group-is-layout-constrained\">\n<div class=\"wp-block-columns is-layout-flex wp-container-core-columns-is-layout-9d6595d7 wp-block-columns-is-layout-flex\">\n<div class=\"wp-block-column is-layout-flow wp-block-column-is-layout-flow\" style=\"flex-basis:50%\"><div class=\"wp-block-image\">\n<figure class=\"alignleft is-resized\"><img loading=\"lazy\" decoding=\"async\" width=\"150\" height=\"150\" src=\"https:\/\/www.douetsmilletiere.comitesquartier-tours.fr\/wp-content\/uploads\/2019\/08\/Isabelle-150x150.jpg\" alt=\"\" class=\"wp-image-44381\" style=\"width:229px;height:auto\"\/><figcaption class=\"wp-element-caption\">Isabelle PAUVRE<\/figcaption><\/figure>\n<\/div><\/div>\n\n\n\n<div class=\"wp-block-column is-layout-flow wp-block-column-is-layout-flow\" style=\"flex-basis:50%\"><div class=\"wp-block-image\">\n<figure class=\"alignleft size-full is-resized\"><a href=\"https:\/\/www.douetsmilletiere.comitesquartier-tours.fr\/wp-content\/uploads\/2020\/08\/professeur-de-yoga-\u00e0-tours-priti-bhati-annuaire-de-th\u00e9rapeutes-via-energetica-tours-37000.jpg\"><img loading=\"lazy\" decoding=\"async\" width=\"124\" height=\"163\" src=\"https:\/\/www.douetsmilletiere.comitesquartier-tours.fr\/wp-content\/uploads\/2020\/08\/professeur-de-yoga-\u00e0-tours-priti-bhati-annuaire-de-th\u00e9rapeutes-via-energetica-tours-37000.jpg\" alt=\"\" class=\"wp-image-68314\" style=\"width:173px;height:auto\"\/><\/a><figcaption class=\"wp-element-caption\">Catherine VAYSSIERE<\/figcaption><\/figure>\n<\/div><\/div>\n<\/div>\n\n\n\n<p><\/p>\n<\/div><\/div>\n\n\n\n<p><strong><em>Rejoignez-nous pour une pratique joyeuse, fluide et dynamique !<\/em><\/strong><\/p>\n","protected":false},"excerpt":{"rendered":"<p>Le yoga est la pratique d&rsquo;un ensemble de postures et d\u2019exercices de respiration qui vise \u00e0 apporter un bien \u00eatre physique et mental. Les cours auront lieu tous les lundis et mercredis (hors vacances scolaires) : Yoga les lundis de 18h00 \u00e019h00 et de 19h40 \u00e0 20h40, anim\u00e9s par Isabelle PAUVRE Yoga les mercredis de &hellip; <\/p>\n<p><a class=\"more-link btn\" href=\"https:\/\/www.douetsmilletiere.comitesquartier-tours.fr\/?page_id=228\">Lire la suite<\/a><\/p>\n","protected":false},"author":1,"featured_media":147083,"parent":47,"menu_order":0,"comment_status":"closed","ping_status":"open","template":"","meta":{"footnotes":""},"class_list":["post-228","page","type-page","status-publish","has-post-thumbnail","hentry","nodate","item-wrap"],"_links":{"self":[{"href":"https:\/\/www.douetsmilletiere.comitesquartier-tours.fr\/index.php?rest_route=\/wp\/v2\/pages\/228","targetHints":{"allow":["GET"]}}],"collection":[{"href":"https:\/\/www.douetsmilletiere.comitesquartier-tours.fr\/index.php?rest_route=\/wp\/v2\/pages"}],"about":[{"href":"https:\/\/www.douetsmilletiere.comitesquartier-tours.fr\/index.php?rest_route=\/wp\/v2\/types\/page"}],"author":[{"embeddable":true,"href":"https:\/\/www.douetsmilletiere.comitesquartier-tours.fr\/index.php?rest_route=\/wp\/v2\/users\/1"}],"replies":[{"embeddable":true,"href":"https:\/\/www.douetsmilletiere.comitesquartier-tours.fr\/index.php?rest_route=%2Fwp%2Fv2%2Fcomments&post=228"}],"version-history":[{"count":27,"href":"https:\/\/www.douetsmilletiere.comitesquartier-tours.fr\/index.php?rest_route=\/wp\/v2\/pages\/228\/revisions"}],"predecessor-version":[{"id":147455,"href":"https:\/\/www.douetsmilletiere.comitesquartier-tours.fr\/index.php?rest_route=\/wp\/v2\/pages\/228\/revisions\/147455"}],"up":[{"embeddable":true,"href":"https:\/\/www.douetsmilletiere.comitesquartier-tours.fr\/index.php?rest_route=\/wp\/v2\/pages\/47"}],"wp:featuredmedia":[{"embeddable":true,"href":"https:\/\/www.douetsmilletiere.comitesquartier-tours.fr\/index.php?rest_route=\/wp\/v2\/media\/147083"}],"wp:attachment":[{"href":"https:\/\/www.douetsmilletiere.comitesquartier-tours.fr\/index.php?rest_route=%2Fwp%2Fv2%2Fmedia&parent=228"}],"curies":[{"name":"wp","href":"https:\/\/api.w.org\/{rel}","templated":true}]}}