{"id":27896,"date":"2017-11-13T23:42:59","date_gmt":"2017-11-13T21:42:59","guid":{"rendered":"http:\/\/www.douetsmilletiere.comitesquartier-tours.fr\/?page_id=27896"},"modified":"2024-07-22T18:50:32","modified_gmt":"2024-07-22T16:50:32","slug":"nos-partenaires","status":"publish","type":"page","link":"https:\/\/www.douetsmilletiere.comitesquartier-tours.fr\/?page_id=27896","title":{"rendered":"Nos partenaires"},"content":{"rendered":"<p><strong>Gadawi Parc<br \/><br \/><\/strong>Vous pouvez d\u00e9sormais profiter <strong>10% de r\u00e9duction<\/strong> sur les tarifs de <strong>Gadawi Park<\/strong> (jusqu&rsquo;\u00e0 4 personnes et sur pr\u00e9sentation d&rsquo;une carte d&rsquo;adh\u00e9rent du <strong>Comit\u00e9 de quartier Douets Milleti\u00e8re<\/strong>) !<\/p>\n<p>Adresse : Parc de la Cousinerie, \u00e0 Tours<\/p>\n\n\n<figure class=\"wp-block-image size-large\"><a href=\"https:\/\/www.douetsmilletiere.comitesquartier-tours.fr\/wp-content\/uploads\/2024\/07\/gadawi.jpg\"><img loading=\"lazy\" decoding=\"async\" width=\"1024\" height=\"683\" src=\"https:\/\/www.douetsmilletiere.comitesquartier-tours.fr\/wp-content\/uploads\/2024\/07\/gadawi-1024x683.jpg\" alt=\"\" class=\"wp-image-147041\" srcset=\"https:\/\/www.douetsmilletiere.comitesquartier-tours.fr\/wp-content\/uploads\/2024\/07\/gadawi-1024x683.jpg 1024w, https:\/\/www.douetsmilletiere.comitesquartier-tours.fr\/wp-content\/uploads\/2024\/07\/gadawi-300x200.jpg 300w, https:\/\/www.douetsmilletiere.comitesquartier-tours.fr\/wp-content\/uploads\/2024\/07\/gadawi-768x512.jpg 768w, https:\/\/www.douetsmilletiere.comitesquartier-tours.fr\/wp-content\/uploads\/2024\/07\/gadawi-1536x1024.jpg 1536w, https:\/\/www.douetsmilletiere.comitesquartier-tours.fr\/wp-content\/uploads\/2024\/07\/gadawi-750x500.jpg 750w, https:\/\/www.douetsmilletiere.comitesquartier-tours.fr\/wp-content\/uploads\/2024\/07\/gadawi.jpg 1900w\" sizes=\"auto, (max-width: 1024px) 100vw, 1024px\" \/><\/a><\/figure>\n","protected":false},"excerpt":{"rendered":"<p>Gadawi Parc Vous pouvez d\u00e9sormais profiter 10% de r\u00e9duction sur les tarifs de Gadawi Park (jusqu&rsquo;\u00e0 4 personnes et sur pr\u00e9sentation d&rsquo;une carte d&rsquo;adh\u00e9rent du Comit\u00e9 de quartier Douets Milleti\u00e8re) ! Adresse : Parc de la Cousinerie, \u00e0 Tours<\/p>\n","protected":false},"author":1,"featured_media":0,"parent":0,"menu_order":3,"comment_status":"closed","ping_status":"closed","template":"","meta":{"footnotes":""},"class_list":["post-27896","page","type-page","status-publish","hentry","nodate","item-wrap"],"_links":{"self":[{"href":"https:\/\/www.douetsmilletiere.comitesquartier-tours.fr\/index.php?rest_route=\/wp\/v2\/pages\/27896","targetHints":{"allow":["GET"]}}],"collection":[{"href":"https:\/\/www.douetsmilletiere.comitesquartier-tours.fr\/index.php?rest_route=\/wp\/v2\/pages"}],"about":[{"href":"https:\/\/www.douetsmilletiere.comitesquartier-tours.fr\/index.php?rest_route=\/wp\/v2\/types\/page"}],"author":[{"embeddable":true,"href":"https:\/\/www.douetsmilletiere.comitesquartier-tours.fr\/index.php?rest_route=\/wp\/v2\/users\/1"}],"replies":[{"embeddable":true,"href":"https:\/\/www.douetsmilletiere.comitesquartier-tours.fr\/index.php?rest_route=%2Fwp%2Fv2%2Fcomments&post=27896"}],"version-history":[{"count":7,"href":"https:\/\/www.douetsmilletiere.comitesquartier-tours.fr\/index.php?rest_route=\/wp\/v2\/pages\/27896\/revisions"}],"predecessor-version":[{"id":147045,"href":"https:\/\/www.douetsmilletiere.comitesquartier-tours.fr\/index.php?rest_route=\/wp\/v2\/pages\/27896\/revisions\/147045"}],"wp:attachment":[{"href":"https:\/\/www.douetsmilletiere.comitesquartier-tours.fr\/index.php?rest_route=%2Fwp%2Fv2%2Fmedia&parent=27896"}],"curies":[{"name":"wp","href":"https:\/\/api.w.org\/{rel}","templated":true}]}}