{"id":34353,"date":"2018-07-25T18:12:43","date_gmt":"2018-07-25T16:12:43","guid":{"rendered":"http:\/\/www.douetsmilletiere.comitesquartier-tours.fr\/?page_id=34353"},"modified":"2025-08-05T18:51:21","modified_gmt":"2025-08-05T16:51:21","slug":"chorale","status":"publish","type":"page","link":"https:\/\/www.douetsmilletiere.comitesquartier-tours.fr\/?page_id=34353","title":{"rendered":"Chorale"},"content":{"rendered":"<p><strong>Chorale. <\/strong>Chorale mixte, r\u00e9pertoire vari\u00e9.<\/p>\n<p>Bonne humeur garantie avec notre cheffe de ch\u0153ur M\u00e9lody !<\/p>\n<p>Les cours auront lieu tous les mercredis de 19h00 \u00e0 20h30 (hors vacances scolaires) au 11, rue du Turpenay (<strong>\u00e9cole Perochon<\/strong>)<\/p>\n","protected":false},"excerpt":{"rendered":"<p>Chorale. Chorale mixte, r\u00e9pertoire vari\u00e9. Bonne humeur garantie avec notre cheffe de ch\u0153ur M\u00e9lody ! Les cours auront lieu tous les mercredis de 19h00 \u00e0 20h30 (hors vacances scolaires) au 11, rue du Turpenay (\u00e9cole Perochon)<\/p>\n","protected":false},"author":1,"featured_media":147070,"parent":147063,"menu_order":0,"comment_status":"closed","ping_status":"closed","template":"","meta":{"footnotes":""},"class_list":["post-34353","page","type-page","status-publish","has-post-thumbnail","hentry","nodate","item-wrap"],"_links":{"self":[{"href":"https:\/\/www.douetsmilletiere.comitesquartier-tours.fr\/index.php?rest_route=\/wp\/v2\/pages\/34353","targetHints":{"allow":["GET"]}}],"collection":[{"href":"https:\/\/www.douetsmilletiere.comitesquartier-tours.fr\/index.php?rest_route=\/wp\/v2\/pages"}],"about":[{"href":"https:\/\/www.douetsmilletiere.comitesquartier-tours.fr\/index.php?rest_route=\/wp\/v2\/types\/page"}],"author":[{"embeddable":true,"href":"https:\/\/www.douetsmilletiere.comitesquartier-tours.fr\/index.php?rest_route=\/wp\/v2\/users\/1"}],"replies":[{"embeddable":true,"href":"https:\/\/www.douetsmilletiere.comitesquartier-tours.fr\/index.php?rest_route=%2Fwp%2Fv2%2Fcomments&post=34353"}],"version-history":[{"count":15,"href":"https:\/\/www.douetsmilletiere.comitesquartier-tours.fr\/index.php?rest_route=\/wp\/v2\/pages\/34353\/revisions"}],"predecessor-version":[{"id":147458,"href":"https:\/\/www.douetsmilletiere.comitesquartier-tours.fr\/index.php?rest_route=\/wp\/v2\/pages\/34353\/revisions\/147458"}],"up":[{"embeddable":true,"href":"https:\/\/www.douetsmilletiere.comitesquartier-tours.fr\/index.php?rest_route=\/wp\/v2\/pages\/147063"}],"wp:featuredmedia":[{"embeddable":true,"href":"https:\/\/www.douetsmilletiere.comitesquartier-tours.fr\/index.php?rest_route=\/wp\/v2\/media\/147070"}],"wp:attachment":[{"href":"https:\/\/www.douetsmilletiere.comitesquartier-tours.fr\/index.php?rest_route=%2Fwp%2Fv2%2Fmedia&parent=34353"}],"curies":[{"name":"wp","href":"https:\/\/api.w.org\/{rel}","templated":true}]}}