{"id":91,"date":"2014-07-22T10:54:15","date_gmt":"2014-07-22T08:54:15","guid":{"rendered":"http:\/\/www.douetsmilletiere.comitesquartier-tours.fr\/?page_id=91"},"modified":"2025-08-05T18:43:56","modified_gmt":"2025-08-05T16:43:56","slug":"gym-tonique","status":"publish","type":"page","link":"https:\/\/www.douetsmilletiere.comitesquartier-tours.fr\/?page_id=91","title":{"rendered":"Gym renforcement"},"content":{"rendered":"<p><strong>Gym renforcement. <\/strong>Permet de muscler tout son corps en alliant bien-\u00eatre et d\u00e9tente. Accessible \u00e0 tous !<\/p>\n<p>Les cours auront lieu tous les jeudis (hors vacances scolaires) de 18h00 \u00e0 19h00 \u00e0 la salle de l&rsquo;\u00e9cole Paul Fort.<\/p>\n<p>Les cours sont dispens\u00e9s par William ou Zo\u00e9.<\/p>\n<p><strong>Venez vite nous rejoindre \u2026<\/strong><\/p>\n","protected":false},"excerpt":{"rendered":"<p>Gym renforcement. Permet de muscler tout son corps en alliant bien-\u00eatre et d\u00e9tente. Accessible \u00e0 tous ! Les cours auront lieu tous les jeudis (hors vacances scolaires) de 18h00 \u00e0 19h00 \u00e0 la salle de l&rsquo;\u00e9cole Paul Fort. Les cours sont dispens\u00e9s par William ou Zo\u00e9. Venez vite nous rejoindre \u2026<\/p>\n","protected":false},"author":1,"featured_media":147087,"parent":47,"menu_order":0,"comment_status":"closed","ping_status":"open","template":"","meta":{"footnotes":""},"class_list":["post-91","page","type-page","status-publish","has-post-thumbnail","hentry","nodate","item-wrap"],"_links":{"self":[{"href":"https:\/\/www.douetsmilletiere.comitesquartier-tours.fr\/index.php?rest_route=\/wp\/v2\/pages\/91","targetHints":{"allow":["GET"]}}],"collection":[{"href":"https:\/\/www.douetsmilletiere.comitesquartier-tours.fr\/index.php?rest_route=\/wp\/v2\/pages"}],"about":[{"href":"https:\/\/www.douetsmilletiere.comitesquartier-tours.fr\/index.php?rest_route=\/wp\/v2\/types\/page"}],"author":[{"embeddable":true,"href":"https:\/\/www.douetsmilletiere.comitesquartier-tours.fr\/index.php?rest_route=\/wp\/v2\/users\/1"}],"replies":[{"embeddable":true,"href":"https:\/\/www.douetsmilletiere.comitesquartier-tours.fr\/index.php?rest_route=%2Fwp%2Fv2%2Fcomments&post=91"}],"version-history":[{"count":16,"href":"https:\/\/www.douetsmilletiere.comitesquartier-tours.fr\/index.php?rest_route=\/wp\/v2\/pages\/91\/revisions"}],"predecessor-version":[{"id":147451,"href":"https:\/\/www.douetsmilletiere.comitesquartier-tours.fr\/index.php?rest_route=\/wp\/v2\/pages\/91\/revisions\/147451"}],"up":[{"embeddable":true,"href":"https:\/\/www.douetsmilletiere.comitesquartier-tours.fr\/index.php?rest_route=\/wp\/v2\/pages\/47"}],"wp:featuredmedia":[{"embeddable":true,"href":"https:\/\/www.douetsmilletiere.comitesquartier-tours.fr\/index.php?rest_route=\/wp\/v2\/media\/147087"}],"wp:attachment":[{"href":"https:\/\/www.douetsmilletiere.comitesquartier-tours.fr\/index.php?rest_route=%2Fwp%2Fv2%2Fmedia&parent=91"}],"curies":[{"name":"wp","href":"https:\/\/api.w.org\/{rel}","templated":true}]}}